{"id":154,"date":"2015-07-16T09:12:44","date_gmt":"2015-07-16T09:12:44","guid":{"rendered":"http:\/\/test.kriesi.at\/minimal-portfolio\/?page_id=154"},"modified":"2022-02-09T14:03:40","modified_gmt":"2022-02-09T14:03:40","slug":"about","status":"publish","type":"page","link":"https:\/\/wp.meine-stickwelt.de\/index.php\/about\/","title":{"rendered":"\u00dcber mich"},"content":{"rendered":"<div id='av-layout-grid-1'  class='av-layout-grid-container av-2pcafu-d969318a9e86cac37b8eaa633015b75b entry-content-wrapper main_color av-flex-cells  avia-builder-el-0  el_before_av_section  avia-builder-el-first   container_wrap fullsize'  >\n\n<style type=\"text\/css\" data-created_by=\"avia_inline_auto\" id=\"style-css-av-2m1ahm-cb55715111c568616d0a353ee7379a6e\">\n.flex_cell.av-2m1ahm-cb55715111c568616d0a353ee7379a6e{\nvertical-align:top;\nheight:430px;\nmin-height:430px;\npadding:30px 30px 30px 30px;\nbackground:url(https:\/\/wp.meine-stickwelt.de\/wp-content\/uploads\/2015\/07\/me-bw.jpg) 0% 50% no-repeat scroll ;\n}\n<\/style>\n<div class='flex_cell av_one_half av-2m1ahm-cb55715111c568616d0a353ee7379a6e no_margin  avia-builder-el-1  el_before_av_cell_one_half  avia-builder-el-first  avia-full-stretch' ><div class='flex_cell_inner'><\/div><\/div>\n<style type=\"text\/css\" data-created_by=\"avia_inline_auto\" id=\"style-css-av-2dfpfe-0be8605e2f4cf27a8020743b2311995f\">\n.flex_cell.av-2dfpfe-0be8605e2f4cf27a8020743b2311995f{\nvertical-align:middle;\nheight:430px;\nmin-height:430px;\npadding:30px 100px 30px 100px;\nbackground-color:#f7f7f7;\n}\n<\/style>\n<div class='flex_cell av_one_half av-2dfpfe-0be8605e2f4cf27a8020743b2311995f no_margin  avia-builder-el-2  el_after_av_cell_one_half  avia-builder-el-last ' ><div class='flex_cell_inner'>\n<style type=\"text\/css\" data-created_by=\"avia_inline_auto\" id=\"style-css-av-26awtu-2895df6f274fd2f72a15ce34b491da5b\">\n.flex_column.av-26awtu-2895df6f274fd2f72a15ce34b491da5b{\nborder-radius:0px 0px 0px 0px;\n-webkit-border-radius:0px 0px 0px 0px;\n-moz-border-radius:0px 0px 0px 0px;\n}\n<\/style>\n<div class='flex_column av-26awtu-2895df6f274fd2f72a15ce34b491da5b av_one_full  avia-builder-el-3  avia-builder-el-no-sibling  first flex_column_div  av-animated-generic bottom-to-top av-zero-column-padding '   ><p>\n<style type=\"text\/css\" data-created_by=\"avia_inline_auto\" id=\"style-css-av-7kune-d63af10bf98aff6a96f9e1812f1cedd5\">\n#top .av-special-heading.av-7kune-d63af10bf98aff6a96f9e1812f1cedd5{\npadding-bottom:10px;\n}\nbody .av-special-heading.av-7kune-d63af10bf98aff6a96f9e1812f1cedd5 .av-special-heading-tag .heading-char{\nfont-size:25px;\n}\n.av-special-heading.av-7kune-d63af10bf98aff6a96f9e1812f1cedd5 .av-subheading{\nfont-size:15px;\n}\n<\/style>\n<div  class='av-special-heading av-7kune-d63af10bf98aff6a96f9e1812f1cedd5 av-special-heading-h1 blockquote modern-quote  avia-builder-el-4  el_before_av_textblock  avia-builder-el-first '><div class='av-subheading av-subheading_above'><p>Handarbeitsgesch\u00e4ft in Schwedt<\/p>\n<\/div><h1 class='av-special-heading-tag'  itemprop=\"headline\"  >Dietlind Hildebrand<\/h1><div class=\"special-heading-border\"><div class=\"special-heading-inner-border\"><\/div><\/div><\/div><br \/>\n<section  class='av_textblock_section av-1ujyqy-402da9b49bacf6c5112cbd3a81d64f3c'  itemscope=\"itemscope\" itemtype=\"https:\/\/schema.org\/CreativeWork\" ><div class='avia_textblock'  itemprop=\"text\" ><p>Bereits als Kind habe ich mich schon begeistert mit Handarbeiten besch\u00e4ftigt. Angefangen habe ich mit den Techniken H\u00e4keln und Stricken. Im Laufe der Jahre habe ich meine gro\u00dfe Liebe und Begeisterung f\u00fcr den gez\u00e4hlten Kreuzstich entdeckt und diese haben mich nie wieder losgelassen. Die Motive die ich sticke, gehen \u00fcber Portr\u00e4ts, Landschaften, Blumen, Tiere bis hin zu Ornamenten und anderen Mustern. Bevorzugtes Thema sind jedoch Landschaften, Natur und Tiere. Gestickt wird alles traditionell mit der Hand unter Verwendung von Leinen, Aida und anderen z\u00e4hlbaren Stoffen, Sticktwist und Wolle.In den letzten Jahren besuchte ich verschiedene Workshops, um meine Handarbeitsfertig- und F\u00e4higkeiten zu erweitern und zu erg\u00e4nzen.<\/p>\n<p>Auch Kinder im Alter von 6 bis 10 Jahren habe ich bereits f\u00fcr die Handarbeit begeistern k\u00f6nnen und unterrichtet. Diese waren mit viel Freude, Kreativit\u00e4t und Begeisterung dabei.<\/p>\n<p>Um auch Ihnen dieses sch\u00f6ne Hobby n\u00e4her zu bringen, Sie daf\u00fcr zu begeistern, oder Sie mit den ben\u00f6tigten Materialen zu bedienen entstand und entsteht &#8222;Meine-Stickwelt.de&#8220;.<\/p>\n<\/div><\/section><\/p><\/div>\n<\/div><\/div><\/div><div id='av_section_1'  class='avia-section av-1sh0g2-fa83b9a5696fc9ff2aaf1897dd522e1a main_color avia-section-large avia-no-border-styling  avia-builder-el-6  el_after_av_layout_row  avia-builder-el-last  avia-bg-style-scroll container_wrap fullsize'  ><div class='container av-section-cont-open' ><div class='template-page content  av-content-full alpha units'><div class='post-entry post-entry-type-page post-entry-154'><div class='entry-content-wrapper clearfix'>\n\n<style type=\"text\/css\" data-created_by=\"avia_inline_auto\" id=\"style-css-av-1m6l7m-92b23e1a770f414b8ffe8dc483a558ea\">\n.flex_column.av-1m6l7m-92b23e1a770f414b8ffe8dc483a558ea{\nborder-radius:0px 0px 0px 0px;\n-webkit-border-radius:0px 0px 0px 0px;\n-moz-border-radius:0px 0px 0px 0px;\n}\n<\/style>\n<div class='flex_column av-1m6l7m-92b23e1a770f414b8ffe8dc483a558ea av_one_half  avia-builder-el-7  el_before_av_one_half  avia-builder-el-first  first flex_column_div  av-animated-generic bottom-to-top av-zero-column-padding '   ><p>\n<style type=\"text\/css\" data-created_by=\"avia_inline_auto\" id=\"style-css-av-1einki-8d9fc656f3cb17ab35cb58724dab8e2f\">\n#top .av-special-heading.av-1einki-8d9fc656f3cb17ab35cb58724dab8e2f{\npadding-bottom:10px;\n}\nbody .av-special-heading.av-1einki-8d9fc656f3cb17ab35cb58724dab8e2f .av-special-heading-tag .heading-char{\nfont-size:25px;\n}\n.av-special-heading.av-1einki-8d9fc656f3cb17ab35cb58724dab8e2f .av-subheading{\nfont-size:15px;\n}\n<\/style>\n<div  class='av-special-heading av-1einki-8d9fc656f3cb17ab35cb58724dab8e2f av-special-heading-h3 blockquote modern-quote  avia-builder-el-8  el_before_av_textblock  avia-builder-el-first '><h3 class='av-special-heading-tag'  itemprop=\"headline\"  >Mein Angebot<\/h3><div class=\"special-heading-border\"><div class=\"special-heading-inner-border\"><\/div><\/div><\/div><br \/>\n<section  class='av_textblock_section av-17jkzm-950c275249e00a10fb8aed7d09e94515'  itemscope=\"itemscope\" itemtype=\"https:\/\/schema.org\/CreativeWork\" ><div class='avia_textblock'  itemprop=\"text\" ><p>Lorem ipsum dolor sit amet, consectetuer <strong>adipiscing<\/strong> elit. Aenean commodo ligula eget dolor. Aenean massa. Cum sociis natoque penatibus et magnis dis parturient montes, nascetur ridiculus mus.<\/p>\n<p>Donec quam felis, ultricies nec, pellentesque eu, pretium quis, sem. Nulla consequat massa quis enim.<\/p>\n<\/div><\/section><\/p><\/div>\n<style type=\"text\/css\" data-created_by=\"avia_inline_auto\" id=\"style-css-av-124r3m-564c118be10db9c2e0de14ee9145730f\">\n.flex_column.av-124r3m-564c118be10db9c2e0de14ee9145730f{\nborder-radius:0px 0px 0px 0px;\n-webkit-border-radius:0px 0px 0px 0px;\n-moz-border-radius:0px 0px 0px 0px;\n}\n<\/style>\n<div class='flex_column av-124r3m-564c118be10db9c2e0de14ee9145730f av_one_half  avia-builder-el-10  el_after_av_one_half  el_before_av_one_full  flex_column_div  av-animated-generic bottom-to-top av-zero-column-padding '   ><p>\n<style type=\"text\/css\" data-created_by=\"avia_inline_auto\" id=\"style-css-av-xzol6-4fa8e0b4f733baf00fc70b0f7dc22a11\">\n#top .av-special-heading.av-xzol6-4fa8e0b4f733baf00fc70b0f7dc22a11{\npadding-bottom:10px;\n}\nbody .av-special-heading.av-xzol6-4fa8e0b4f733baf00fc70b0f7dc22a11 .av-special-heading-tag .heading-char{\nfont-size:25px;\n}\n.av-special-heading.av-xzol6-4fa8e0b4f733baf00fc70b0f7dc22a11 .av-subheading{\nfont-size:15px;\n}\n<\/style>\n<div  class='av-special-heading av-xzol6-4fa8e0b4f733baf00fc70b0f7dc22a11 av-special-heading-h3 blockquote modern-quote  avia-builder-el-11  el_before_av_textblock  avia-builder-el-first '><h3 class='av-special-heading-tag'  itemprop=\"headline\"  >Handarbeiten<\/h3><div class=\"special-heading-border\"><div class=\"special-heading-inner-border\"><\/div><\/div><\/div><br \/>\n<section  class='av_textblock_section av-sk60a-624c637e2c2aa36738963913202aa951'  itemscope=\"itemscope\" itemtype=\"https:\/\/schema.org\/CreativeWork\" ><div class='avia_textblock'  itemprop=\"text\" ><p>Aenean vulputate eleifend tellus. <strong>Aenean<\/strong> leo ligula, porttitor eu, <strong>consequat<\/strong> vitae, eleifend ac, enim. Aliquam lorem ante, dapibus in, viverra quis, feugiat a, tellus.<\/p>\n<ul>\n<li>Nullam felis eu pede mollis pretium.<\/li>\n<li>Integer tincidunt. Cras dapibus.<\/li>\n<li>Vivamus elementum semper nisi.<\/li>\n<\/ul>\n<\/div><\/section><\/p><\/div>\n<style type=\"text\/css\" data-created_by=\"avia_inline_auto\" id=\"style-css-av-kxmiq-4d56a6639feb77712c1e789def5aa10b\">\n.flex_column.av-kxmiq-4d56a6639feb77712c1e789def5aa10b{\nborder-radius:0px 0px 0px 0px;\n-webkit-border-radius:0px 0px 0px 0px;\n-moz-border-radius:0px 0px 0px 0px;\npadding:30px 30px 30px 30px;\nbackground-color:#f7f7f7;\n}\n<\/style>\n<div class='flex_column av-kxmiq-4d56a6639feb77712c1e789def5aa10b av_one_full  avia-builder-el-13  el_after_av_one_half  avia-builder-el-last  first flex_column_div  av-animated-generic bottom-to-top column-top-margin'   ><p>\n<style type=\"text\/css\" data-created_by=\"avia_inline_auto\" id=\"style-css-av-ex9xu-d0f808fb10cb2d460da60afab759c139\">\n#top .av-special-heading.av-ex9xu-d0f808fb10cb2d460da60afab759c139{\npadding-bottom:20px;\n}\nbody .av-special-heading.av-ex9xu-d0f808fb10cb2d460da60afab759c139 .av-special-heading-tag .heading-char{\nfont-size:25px;\n}\n.av-special-heading.av-ex9xu-d0f808fb10cb2d460da60afab759c139 .av-subheading{\nfont-size:15px;\n}\n<\/style>\n<div  class='av-special-heading av-ex9xu-d0f808fb10cb2d460da60afab759c139 av-special-heading-h3 blockquote modern-quote modern-centered  avia-builder-el-14  el_before_av_button  avia-builder-el-first '><h3 class='av-special-heading-tag'  itemprop=\"headline\"  >I am currently:<\/h3><div class=\"special-heading-border\"><div class=\"special-heading-inner-border\"><\/div><\/div><\/div><br \/>\n<div  class='avia-button-wrap avia-button-center  avia-builder-el-15  el_after_av_heading  avia-builder-el-last ' ><a href='https:\/\/wp.meine-stickwelt.de\/index.php\/contact\/'  class='avia-button av-bs3v6-316000a1d1fadb9d5091e7a11faa8816 avia-icon_select-no avia-size-x-large avia-position-center avia-color-dark' ><span class='avia_iconbox_title' >Available for work<\/span><\/a><\/div><\/p><\/div><\/p>\n","protected":false},"excerpt":{"rendered":"","protected":false},"author":1,"featured_media":0,"parent":0,"menu_order":0,"comment_status":"open","ping_status":"open","template":"","meta":{"footnotes":""},"class_list":["post-154","page","type-page","status-publish","hentry"],"_links":{"self":[{"href":"https:\/\/wp.meine-stickwelt.de\/index.php\/wp-json\/wp\/v2\/pages\/154","targetHints":{"allow":["GET"]}}],"collection":[{"href":"https:\/\/wp.meine-stickwelt.de\/index.php\/wp-json\/wp\/v2\/pages"}],"about":[{"href":"https:\/\/wp.meine-stickwelt.de\/index.php\/wp-json\/wp\/v2\/types\/page"}],"author":[{"embeddable":true,"href":"https:\/\/wp.meine-stickwelt.de\/index.php\/wp-json\/wp\/v2\/users\/1"}],"replies":[{"embeddable":true,"href":"https:\/\/wp.meine-stickwelt.de\/index.php\/wp-json\/wp\/v2\/comments?post=154"}],"version-history":[{"count":1,"href":"https:\/\/wp.meine-stickwelt.de\/index.php\/wp-json\/wp\/v2\/pages\/154\/revisions"}],"predecessor-version":[{"id":218,"href":"https:\/\/wp.meine-stickwelt.de\/index.php\/wp-json\/wp\/v2\/pages\/154\/revisions\/218"}],"wp:attachment":[{"href":"https:\/\/wp.meine-stickwelt.de\/index.php\/wp-json\/wp\/v2\/media?parent=154"}],"curies":[{"name":"wp","href":"https:\/\/api.w.org\/{rel}","templated":true}]}}